{"id":516,"date":"2021-12-18T14:00:58","date_gmt":"2021-12-18T13:00:58","guid":{"rendered":"https:\/\/cnt-so.org\/auvergne\/?page_id=516"},"modified":"2021-12-24T11:09:03","modified_gmt":"2021-12-24T10:09:03","slug":"la-cnt-solidarite-ouvriere","status":"publish","type":"page","link":"https:\/\/cnt-so.org\/auvergne\/la-cnt-solidarite-ouvriere\/","title":{"rendered":"La CNT-Solidarit\u00e9 Ouvri\u00e8re"},"content":{"rendered":"\n<figure class=\"wp-block-embed is-type-wp-embed is-provider-ur-cnt-so-auvergne wp-block-embed-ur-cnt-so-auvergne\"><div class=\"wp-block-embed__wrapper\">\n<blockquote class=\"wp-embedded-content\" data-secret=\"gX5iriTf9T\"><a href=\"https:\/\/cnt-so.org\/auvergne\/2013\/11\/15\/cest-quoi-la-cnt-solidarite-ouvriere\/\">C&rsquo;est quoi la CNT-Solidarit\u00e9 Ouvri\u00e8re ?<\/a><\/blockquote><iframe loading=\"lazy\" class=\"wp-embedded-content\" sandbox=\"allow-scripts\" security=\"restricted\" style=\"position: absolute; visibility: hidden;\" title=\"\u00ab\u00a0C&rsquo;est quoi la CNT-Solidarit\u00e9 Ouvri\u00e8re ?\u00a0\u00bb &#8212; UR CNT-SO Auvergne \" src=\"https:\/\/cnt-so.org\/auvergne\/2013\/11\/15\/cest-quoi-la-cnt-solidarite-ouvriere\/embed\/#?secret=Ju1PZ3H1cH#?secret=gX5iriTf9T\" data-secret=\"gX5iriTf9T\" width=\"580\" height=\"327\" frameborder=\"0\" marginwidth=\"0\" marginheight=\"0\" scrolling=\"no\"><\/iframe>\n<\/div><\/figure>\n\n\n\n<figure class=\"wp-block-embed is-type-wp-embed is-provider-ur-cnt-so-auvergne wp-block-embed-ur-cnt-so-auvergne\"><div class=\"wp-block-embed__wrapper\">\n<blockquote class=\"wp-embedded-content\" data-secret=\"SKC1pLy1HN\"><a href=\"https:\/\/cnt-so.org\/auvergne\/2019\/11\/13\/3eme-congres-confederal-novembre-2019-motion-dorientation\/\">3\u00e8me congr\u00e8s conf\u00e9d\u00e9ral (novembre 2019) : motion d\u2019orientation<\/a><\/blockquote><iframe loading=\"lazy\" class=\"wp-embedded-content\" sandbox=\"allow-scripts\" security=\"restricted\" style=\"position: absolute; visibility: hidden;\" title=\"\u00ab\u00a03\u00e8me congr\u00e8s conf\u00e9d\u00e9ral (novembre 2019) : motion d\u2019orientation\u00a0\u00bb &#8212; UR CNT-SO Auvergne \" src=\"https:\/\/cnt-so.org\/auvergne\/2019\/11\/13\/3eme-congres-confederal-novembre-2019-motion-dorientation\/embed\/#?secret=BFNGmsc5Qf#?secret=SKC1pLy1HN\" data-secret=\"SKC1pLy1HN\" width=\"580\" height=\"327\" frameborder=\"0\" marginwidth=\"0\" marginheight=\"0\" scrolling=\"no\"><\/iframe>\n<\/div><\/figure>\n\n\n\n<figure class=\"wp-block-embed is-type-wp-embed is-provider-ur-cnt-so-auvergne wp-block-embed-ur-cnt-so-auvergne\"><div class=\"wp-block-embed__wrapper\">\n<blockquote class=\"wp-embedded-content\" data-secret=\"jqIRo9Eyx8\"><a href=\"https:\/\/cnt-so.org\/auvergne\/2013\/11\/05\/motion-dorientation-adoptee-par-le-congres-confederal-du-1er-novembre-2013\/\">Motion d\u2019orientation adopt\u00e9e par le congr\u00e8s conf\u00e9d\u00e9ral du 1er novembre 2013<\/a><\/blockquote><iframe loading=\"lazy\" class=\"wp-embedded-content\" sandbox=\"allow-scripts\" security=\"restricted\" style=\"position: absolute; visibility: hidden;\" title=\"\u00ab\u00a0Motion d\u2019orientation adopt\u00e9e par le congr\u00e8s conf\u00e9d\u00e9ral du 1er novembre 2013\u00a0\u00bb &#8212; UR CNT-SO Auvergne \" src=\"https:\/\/cnt-so.org\/auvergne\/2013\/11\/05\/motion-dorientation-adoptee-par-le-congres-confederal-du-1er-novembre-2013\/embed\/#?secret=z7OET2clIm#?secret=jqIRo9Eyx8\" data-secret=\"jqIRo9Eyx8\" width=\"580\" height=\"327\" frameborder=\"0\" marginwidth=\"0\" marginheight=\"0\" scrolling=\"no\"><\/iframe>\n<\/div><\/figure>\n\n\n\n<figure class=\"wp-block-embed is-type-wp-embed is-provider-ur-cnt-so-auvergne wp-block-embed-ur-cnt-so-auvergne\"><div class=\"wp-block-embed__wrapper\">\nhttps:\/\/cnt-so.org\/auvergne\/2019\/09\/01\/histoire-de-la-cnt-de-1945-a-1950-1ere-partie\/\n<\/div><\/figure>\n\n\n\n<figure class=\"wp-block-embed is-type-wp-embed is-provider-ur-cnt-so-auvergne wp-block-embed-ur-cnt-so-auvergne\"><div class=\"wp-block-embed__wrapper\">\nhttps:\/\/cnt-so.org\/auvergne\/2019\/09\/01\/histoire-de-la-cnt-francaise\/\n<\/div><\/figure>\n\n\n\n<figure class=\"wp-block-embed is-type-wp-embed is-provider-ur-cnt-so-auvergne wp-block-embed-ur-cnt-so-auvergne\"><div class=\"wp-block-embed__wrapper\">\n<blockquote class=\"wp-embedded-content\" data-secret=\"FuOeBzkpiT\"><a href=\"https:\/\/cnt-so.org\/auvergne\/2010\/09\/01\/histoire-de-la-cnt-de-1973-au-debut-des-annees-903eme-partie\/\">Histoire de la CNT de 1973 au d\u00e9but des ann\u00e9es 90(3\u00e8me partie)<\/a><\/blockquote><iframe loading=\"lazy\" class=\"wp-embedded-content\" sandbox=\"allow-scripts\" security=\"restricted\" style=\"position: absolute; visibility: hidden;\" title=\"\u00ab\u00a0Histoire de la CNT de 1973 au d\u00e9but des ann\u00e9es 90(3\u00e8me partie)\u00a0\u00bb &#8212; UR CNT-SO Auvergne \" src=\"https:\/\/cnt-so.org\/auvergne\/2010\/09\/01\/histoire-de-la-cnt-de-1973-au-debut-des-annees-903eme-partie\/embed\/#?secret=st5Y4nDGW2#?secret=FuOeBzkpiT\" data-secret=\"FuOeBzkpiT\" width=\"580\" height=\"327\" frameborder=\"0\" marginwidth=\"0\" marginheight=\"0\" scrolling=\"no\"><\/iframe>\n<\/div><\/figure>\n\n\n\n<figure class=\"wp-block-embed is-type-wp-embed is-provider-ur-cnt-so-auvergne wp-block-embed-ur-cnt-so-auvergne\"><div class=\"wp-block-embed__wrapper\">\n<blockquote class=\"wp-embedded-content\" data-secret=\"b1FBiznBwD\"><a href=\"https:\/\/cnt-so.org\/auvergne\/2010\/09\/01\/congres-constitutif-de-la-cnt-francaise-decembre-1946\/\">Congr\u00e8s constitutif de la CNT fran\u00e7aise (D\u00e9cembre 1946)<\/a><\/blockquote><iframe loading=\"lazy\" class=\"wp-embedded-content\" sandbox=\"allow-scripts\" security=\"restricted\" style=\"position: absolute; visibility: hidden;\" title=\"\u00ab\u00a0Congr\u00e8s constitutif de la CNT fran\u00e7aise (D\u00e9cembre 1946)\u00a0\u00bb &#8212; UR CNT-SO Auvergne \" src=\"https:\/\/cnt-so.org\/auvergne\/2010\/09\/01\/congres-constitutif-de-la-cnt-francaise-decembre-1946\/embed\/#?secret=wpQ7wfOBfq#?secret=b1FBiznBwD\" data-secret=\"b1FBiznBwD\" width=\"580\" height=\"327\" frameborder=\"0\" marginwidth=\"0\" marginheight=\"0\" scrolling=\"no\"><\/iframe>\n<\/div><\/figure>\n\n\n\n<figure class=\"wp-block-embed is-type-wp-embed is-provider-ur-cnt-so-auvergne wp-block-embed-ur-cnt-so-auvergne\"><div class=\"wp-block-embed__wrapper\">\nhttps:\/\/cnt-so.org\/auvergne\/2019\/09\/01\/contribution-a-lhistoire-de-la-c-n-t\/\n<\/div><\/figure>\n\n\n\n<figure class=\"wp-block-embed is-type-wp-embed is-provider-ur-cnt-so-auvergne wp-block-embed-ur-cnt-so-auvergne\"><div class=\"wp-block-embed__wrapper\">\n<blockquote class=\"wp-embedded-content\" data-secret=\"yDJgKEvRBc\"><a href=\"https:\/\/cnt-so.org\/auvergne\/2010\/09\/01\/breve-histoire-de-la-cnt-espagnole\/\">Br\u00e8ve histoire de la  CNT espagnole<\/a><\/blockquote><iframe loading=\"lazy\" class=\"wp-embedded-content\" sandbox=\"allow-scripts\" security=\"restricted\" style=\"position: absolute; visibility: hidden;\" title=\"\u00ab\u00a0Br\u00e8ve histoire de la  CNT espagnole\u00a0\u00bb &#8212; UR CNT-SO Auvergne \" src=\"https:\/\/cnt-so.org\/auvergne\/2010\/09\/01\/breve-histoire-de-la-cnt-espagnole\/embed\/#?secret=TsxlFhakDJ#?secret=yDJgKEvRBc\" data-secret=\"yDJgKEvRBc\" width=\"580\" height=\"327\" frameborder=\"0\" marginwidth=\"0\" marginheight=\"0\" scrolling=\"no\"><\/iframe>\n<\/div><\/figure>\n\n\n\n<figure class=\"wp-block-embed is-type-wp-embed is-provider-ur-cnt-so-auvergne wp-block-embed-ur-cnt-so-auvergne\"><div class=\"wp-block-embed__wrapper\">\nhttps:\/\/cnt-so.org\/auvergne\/2019\/09\/01\/la-charte-de-paris-1946\/\n<\/div><\/figure>\n\n\n\n<figure class=\"wp-block-embed is-type-wp-embed is-provider-ur-cnt-so-auvergne wp-block-embed-ur-cnt-so-auvergne\"><div class=\"wp-block-embed__wrapper\">\nhttps:\/\/cnt-so.org\/auvergne\/2019\/09\/01\/la-charte-de-lyon-1926\/\n<\/div><\/figure>\n\n\n\n<figure class=\"wp-block-embed is-type-wp-embed is-provider-ur-cnt-so-auvergne wp-block-embed-ur-cnt-so-auvergne\"><div class=\"wp-block-embed__wrapper\">\nhttps:\/\/cnt-so.org\/auvergne\/2019\/09\/01\/la-charte-damiens-1906\/\n<\/div><\/figure>\n","protected":false},"excerpt":{"rendered":"","protected":false},"author":5,"featured_media":0,"parent":0,"menu_order":0,"comment_status":"closed","ping_status":"closed","template":"","meta":{"footnotes":""},"class_list":["post-516","page","type-page","status-publish","hentry"],"_links":{"self":[{"href":"https:\/\/cnt-so.org\/auvergne\/wp-json\/wp\/v2\/pages\/516","targetHints":{"allow":["GET"]}}],"collection":[{"href":"https:\/\/cnt-so.org\/auvergne\/wp-json\/wp\/v2\/pages"}],"about":[{"href":"https:\/\/cnt-so.org\/auvergne\/wp-json\/wp\/v2\/types\/page"}],"author":[{"embeddable":true,"href":"https:\/\/cnt-so.org\/auvergne\/wp-json\/wp\/v2\/users\/5"}],"replies":[{"embeddable":true,"href":"https:\/\/cnt-so.org\/auvergne\/wp-json\/wp\/v2\/comments?post=516"}],"version-history":[{"count":17,"href":"https:\/\/cnt-so.org\/auvergne\/wp-json\/wp\/v2\/pages\/516\/revisions"}],"predecessor-version":[{"id":825,"href":"https:\/\/cnt-so.org\/auvergne\/wp-json\/wp\/v2\/pages\/516\/revisions\/825"}],"wp:attachment":[{"href":"https:\/\/cnt-so.org\/auvergne\/wp-json\/wp\/v2\/media?parent=516"}],"curies":[{"name":"wp","href":"https:\/\/api.w.org\/{rel}","templated":true}]}}