{"id":600,"date":"2021-12-20T16:58:46","date_gmt":"2021-12-20T15:58:46","guid":{"rendered":"https:\/\/cnt-so.org\/auvergne\/?page_id=600"},"modified":"2022-01-12T11:08:31","modified_gmt":"2022-01-12T10:08:31","slug":"droits-2","status":"publish","type":"page","link":"https:\/\/cnt-so.org\/auvergne\/droits-2\/","title":{"rendered":"Droits"},"content":{"rendered":"\n<figure class=\"wp-block-embed is-type-wp-embed is-provider-ur-cnt-so-auvergne wp-block-embed-ur-cnt-so-auvergne\"><div class=\"wp-block-embed__wrapper\">\n<blockquote class=\"wp-embedded-content\" data-secret=\"LeaAhsj77B\"><a href=\"https:\/\/cnt-so.org\/auvergne\/2021\/09\/15\/defenseurs-syndicaux-la-liberte-de-choix-retablie\/\">D\u00e9fenseurs syndicaux : la libert\u00e9 de choix r\u00e9tablie !<\/a><\/blockquote><iframe loading=\"lazy\" class=\"wp-embedded-content\" sandbox=\"allow-scripts\" security=\"restricted\" style=\"position: absolute; visibility: hidden;\" title=\"\u00ab\u00a0D\u00e9fenseurs syndicaux : la libert\u00e9 de choix r\u00e9tablie !\u00a0\u00bb &#8212; UR CNT-SO Auvergne \" src=\"https:\/\/cnt-so.org\/auvergne\/2021\/09\/15\/defenseurs-syndicaux-la-liberte-de-choix-retablie\/embed\/#?secret=0EJLWRPYhl#?secret=LeaAhsj77B\" data-secret=\"LeaAhsj77B\" width=\"580\" height=\"327\" frameborder=\"0\" marginwidth=\"0\" marginheight=\"0\" scrolling=\"no\"><\/iframe>\n<\/div><\/figure>\n\n\n\n<figure class=\"wp-block-embed is-type-wp-embed is-provider-ur-cnt-so-auvergne wp-block-embed-ur-cnt-so-auvergne\"><div class=\"wp-block-embed__wrapper\">\n<blockquote class=\"wp-embedded-content\" data-secret=\"d7usXvzxfg\"><a href=\"https:\/\/cnt-so.org\/auvergne\/2021\/09\/23\/nettoyage-comment-calculer-ses-heures-majorees-dimanche-feries-complementaires\/\">Nettoyage : comment calculer ses heures major\u00e9es (dimanche, f\u00e9ri\u00e9s, compl\u00e9mentaires)<\/a><\/blockquote><iframe loading=\"lazy\" class=\"wp-embedded-content\" sandbox=\"allow-scripts\" security=\"restricted\" style=\"position: absolute; visibility: hidden;\" title=\"\u00ab\u00a0Nettoyage : comment calculer ses heures major\u00e9es (dimanche, f\u00e9ri\u00e9s, compl\u00e9mentaires)\u00a0\u00bb &#8212; UR CNT-SO Auvergne \" src=\"https:\/\/cnt-so.org\/auvergne\/2021\/09\/23\/nettoyage-comment-calculer-ses-heures-majorees-dimanche-feries-complementaires\/embed\/#?secret=xqe9FQmJG7#?secret=d7usXvzxfg\" data-secret=\"d7usXvzxfg\" width=\"580\" height=\"327\" frameborder=\"0\" marginwidth=\"0\" marginheight=\"0\" scrolling=\"no\"><\/iframe>\n<\/div><\/figure>\n\n\n\n<figure class=\"wp-block-embed is-type-wp-embed is-provider-ur-cnt-so-auvergne wp-block-embed-ur-cnt-so-auvergne\"><div class=\"wp-block-embed__wrapper\">\n<blockquote class=\"wp-embedded-content\" data-secret=\"Y34kmB9v64\"><a href=\"https:\/\/cnt-so.org\/auvergne\/2021\/08\/12\/canicule-et-travail-droits-des-salaries-et-obligations-des-employeurs-en-cas-de-forte-chaleur\/\">Canicule et travail : droits des salari\u00e9s et obligations des employeurs en cas de forte chaleur<\/a><\/blockquote><iframe loading=\"lazy\" class=\"wp-embedded-content\" sandbox=\"allow-scripts\" security=\"restricted\" style=\"position: absolute; visibility: hidden;\" title=\"\u00ab\u00a0Canicule et travail : droits des salari\u00e9s et obligations des employeurs en cas de forte chaleur\u00a0\u00bb &#8212; UR CNT-SO Auvergne \" src=\"https:\/\/cnt-so.org\/auvergne\/2021\/08\/12\/canicule-et-travail-droits-des-salaries-et-obligations-des-employeurs-en-cas-de-forte-chaleur\/embed\/#?secret=ain0EaSjaN#?secret=Y34kmB9v64\" data-secret=\"Y34kmB9v64\" width=\"580\" height=\"327\" frameborder=\"0\" marginwidth=\"0\" marginheight=\"0\" scrolling=\"no\"><\/iframe>\n<\/div><\/figure>\n\n\n\n<figure class=\"wp-block-embed is-type-wp-embed is-provider-ur-cnt-so-auvergne wp-block-embed-ur-cnt-so-auvergne\"><div class=\"wp-block-embed__wrapper\">\n<blockquote class=\"wp-embedded-content\" data-secret=\"AmCU7aWffW\"><a href=\"https:\/\/cnt-so.org\/auvergne\/2020\/09\/28\/note-dinfo-sur-les-epi\/\">Note d&rsquo;info sur les EPI<\/a><\/blockquote><iframe loading=\"lazy\" class=\"wp-embedded-content\" sandbox=\"allow-scripts\" security=\"restricted\" style=\"position: absolute; visibility: hidden;\" title=\"\u00ab\u00a0Note d&rsquo;info sur les EPI\u00a0\u00bb &#8212; UR CNT-SO Auvergne \" src=\"https:\/\/cnt-so.org\/auvergne\/2020\/09\/28\/note-dinfo-sur-les-epi\/embed\/#?secret=3OcJ3o5odi#?secret=AmCU7aWffW\" data-secret=\"AmCU7aWffW\" width=\"580\" height=\"327\" frameborder=\"0\" marginwidth=\"0\" marginheight=\"0\" scrolling=\"no\"><\/iframe>\n<\/div><\/figure>\n\n\n\n<figure class=\"wp-block-embed is-type-wp-embed is-provider-ur-cnt-so-auvergne wp-block-embed-ur-cnt-so-auvergne\"><div class=\"wp-block-embed__wrapper\">\n<blockquote class=\"wp-embedded-content\" data-secret=\"ZlITPNZD9u\"><a href=\"https:\/\/cnt-so.org\/auvergne\/2021\/08\/23\/la-prime-covid-pour-les-aides-a-domicile-quel-bilan\/\">La prime COVID pour les aides \u00e0 domicile, quel bilan ?<\/a><\/blockquote><iframe loading=\"lazy\" class=\"wp-embedded-content\" sandbox=\"allow-scripts\" security=\"restricted\" style=\"position: absolute; visibility: hidden;\" title=\"\u00ab\u00a0La prime COVID pour les aides \u00e0 domicile, quel bilan ?\u00a0\u00bb &#8212; UR CNT-SO Auvergne \" src=\"https:\/\/cnt-so.org\/auvergne\/2021\/08\/23\/la-prime-covid-pour-les-aides-a-domicile-quel-bilan\/embed\/#?secret=pqZ3KTjZao#?secret=ZlITPNZD9u\" data-secret=\"ZlITPNZD9u\" width=\"580\" height=\"327\" frameborder=\"0\" marginwidth=\"0\" marginheight=\"0\" scrolling=\"no\"><\/iframe>\n<\/div><\/figure>\n","protected":false},"excerpt":{"rendered":"","protected":false},"author":5,"featured_media":0,"parent":0,"menu_order":0,"comment_status":"closed","ping_status":"closed","template":"","meta":{"footnotes":""},"class_list":["post-600","page","type-page","status-publish","hentry"],"_links":{"self":[{"href":"https:\/\/cnt-so.org\/auvergne\/wp-json\/wp\/v2\/pages\/600","targetHints":{"allow":["GET"]}}],"collection":[{"href":"https:\/\/cnt-so.org\/auvergne\/wp-json\/wp\/v2\/pages"}],"about":[{"href":"https:\/\/cnt-so.org\/auvergne\/wp-json\/wp\/v2\/types\/page"}],"author":[{"embeddable":true,"href":"https:\/\/cnt-so.org\/auvergne\/wp-json\/wp\/v2\/users\/5"}],"replies":[{"embeddable":true,"href":"https:\/\/cnt-so.org\/auvergne\/wp-json\/wp\/v2\/comments?post=600"}],"version-history":[{"count":3,"href":"https:\/\/cnt-so.org\/auvergne\/wp-json\/wp\/v2\/pages\/600\/revisions"}],"predecessor-version":[{"id":971,"href":"https:\/\/cnt-so.org\/auvergne\/wp-json\/wp\/v2\/pages\/600\/revisions\/971"}],"wp:attachment":[{"href":"https:\/\/cnt-so.org\/auvergne\/wp-json\/wp\/v2\/media?parent=600"}],"curies":[{"name":"wp","href":"https:\/\/api.w.org\/{rel}","templated":true}]}}