{"id":608,"date":"2021-12-20T17:05:51","date_gmt":"2021-12-20T16:05:51","guid":{"rendered":"https:\/\/cnt-so.org\/auvergne\/?page_id=608"},"modified":"2023-04-20T18:25:03","modified_gmt":"2023-04-20T16:25:03","slug":"solidarite-ouvriere","status":"publish","type":"page","link":"https:\/\/cnt-so.org\/auvergne\/solidarite-ouvriere\/","title":{"rendered":"Bulletin r\u00e9gional Solidarit\u00e9 ouvri\u00e8re"},"content":{"rendered":"\n<p class=\"has-text-align-center\">Bulletin d&rsquo;information de l&rsquo;Union R\u00e9gionale Auvergne de la CNT-SO<\/p>\n\n\n\n<figure class=\"wp-block-embed is-type-wp-embed is-provider-ur-cnt-so-auvergne wp-block-embed-ur-cnt-so-auvergne\"><div class=\"wp-block-embed__wrapper\">\n<blockquote class=\"wp-embedded-content\" data-secret=\"I9t47emUyw\"><a href=\"https:\/\/cnt-so.org\/auvergne\/2021\/09\/27\/solidarite-ouvriere-septembre-2021\/\">SOLIDARIT\u00c9 OUVRI\u00c8RE septembre 2021<\/a><\/blockquote><iframe loading=\"lazy\" class=\"wp-embedded-content\" sandbox=\"allow-scripts\" security=\"restricted\" style=\"position: absolute; visibility: hidden;\" title=\"\u00ab\u00a0SOLIDARIT\u00c9 OUVRI\u00c8RE septembre 2021\u00a0\u00bb &#8212; UR CNT-SO Auvergne \" src=\"https:\/\/cnt-so.org\/auvergne\/2021\/09\/27\/solidarite-ouvriere-septembre-2021\/embed\/#?secret=kVfWbt1Ev6#?secret=I9t47emUyw\" data-secret=\"I9t47emUyw\" width=\"580\" height=\"327\" frameborder=\"0\" marginwidth=\"0\" marginheight=\"0\" scrolling=\"no\"><\/iframe>\n<\/div><\/figure>\n\n\n\n<figure class=\"wp-block-embed is-type-wp-embed is-provider-ur-cnt-so-auvergne wp-block-embed-ur-cnt-so-auvergne\"><div class=\"wp-block-embed__wrapper\">\n<blockquote class=\"wp-embedded-content\" data-secret=\"EqIVkOHlIj\"><a href=\"https:\/\/cnt-so.org\/auvergne\/2021\/06\/21\/solidarite-ouvriere\/\">SOLIDARIT\u00c9 OUVRI\u00c8RE Juin 2021<\/a><\/blockquote><iframe loading=\"lazy\" class=\"wp-embedded-content\" sandbox=\"allow-scripts\" security=\"restricted\" style=\"position: absolute; visibility: hidden;\" title=\"\u00ab\u00a0SOLIDARIT\u00c9 OUVRI\u00c8RE Juin 2021\u00a0\u00bb &#8212; UR CNT-SO Auvergne \" src=\"https:\/\/cnt-so.org\/auvergne\/2021\/06\/21\/solidarite-ouvriere\/embed\/#?secret=SuwNNOrvIL#?secret=EqIVkOHlIj\" data-secret=\"EqIVkOHlIj\" width=\"580\" height=\"327\" frameborder=\"0\" marginwidth=\"0\" marginheight=\"0\" scrolling=\"no\"><\/iframe>\n<\/div><\/figure>\n\n\n\n<figure class=\"wp-block-embed is-type-wp-embed is-provider-ur-cnt-so-auvergne wp-block-embed-ur-cnt-so-auvergne\"><div class=\"wp-block-embed__wrapper\">\n<blockquote class=\"wp-embedded-content\" data-secret=\"YTSzmgSEe6\"><a href=\"https:\/\/cnt-so.org\/auvergne\/2020\/05\/30\/solidarite-ouvriere-mai-2020\/\">SOLIDARIT\u00c9 OUVRI\u00c8RE Mai 2020<\/a><\/blockquote><iframe loading=\"lazy\" class=\"wp-embedded-content\" sandbox=\"allow-scripts\" security=\"restricted\" style=\"position: absolute; visibility: hidden;\" title=\"\u00ab\u00a0SOLIDARIT\u00c9 OUVRI\u00c8RE Mai 2020\u00a0\u00bb &#8212; UR CNT-SO Auvergne \" src=\"https:\/\/cnt-so.org\/auvergne\/2020\/05\/30\/solidarite-ouvriere-mai-2020\/embed\/#?secret=IhwLl6HOq6#?secret=YTSzmgSEe6\" data-secret=\"YTSzmgSEe6\" width=\"580\" height=\"327\" frameborder=\"0\" marginwidth=\"0\" marginheight=\"0\" scrolling=\"no\"><\/iframe>\n<\/div><\/figure>\n","protected":false},"excerpt":{"rendered":"<p>Bulletin d&rsquo;information de l&rsquo;Union R\u00e9gionale Auvergne de la CNT-SO<\/p>\n","protected":false},"author":5,"featured_media":0,"parent":0,"menu_order":0,"comment_status":"closed","ping_status":"closed","template":"","meta":{"footnotes":""},"class_list":["post-608","page","type-page","status-publish","hentry"],"_links":{"self":[{"href":"https:\/\/cnt-so.org\/auvergne\/wp-json\/wp\/v2\/pages\/608","targetHints":{"allow":["GET"]}}],"collection":[{"href":"https:\/\/cnt-so.org\/auvergne\/wp-json\/wp\/v2\/pages"}],"about":[{"href":"https:\/\/cnt-so.org\/auvergne\/wp-json\/wp\/v2\/types\/page"}],"author":[{"embeddable":true,"href":"https:\/\/cnt-so.org\/auvergne\/wp-json\/wp\/v2\/users\/5"}],"replies":[{"embeddable":true,"href":"https:\/\/cnt-so.org\/auvergne\/wp-json\/wp\/v2\/comments?post=608"}],"version-history":[{"count":4,"href":"https:\/\/cnt-so.org\/auvergne\/wp-json\/wp\/v2\/pages\/608\/revisions"}],"predecessor-version":[{"id":1564,"href":"https:\/\/cnt-so.org\/auvergne\/wp-json\/wp\/v2\/pages\/608\/revisions\/1564"}],"wp:attachment":[{"href":"https:\/\/cnt-so.org\/auvergne\/wp-json\/wp\/v2\/media?parent=608"}],"curies":[{"name":"wp","href":"https:\/\/api.w.org\/{rel}","templated":true}]}}