{"id":102,"date":"2021-04-05T12:26:08","date_gmt":"2021-04-05T10:26:08","guid":{"rendered":"https:\/\/testwp.cnt-so.org\/rhone-alpes\/?page_id=102"},"modified":"2021-04-05T18:16:18","modified_gmt":"2021-04-05T16:16:18","slug":"notre-permanence","status":"publish","type":"page","link":"https:\/\/cnt-so.org\/rhone-alpes\/notre-permanence\/","title":{"rendered":"Notre Permanence"},"content":{"rendered":"\n<p>Horaire : <\/p>\n\n\n\n<p>Lundi \u00e0 vendredi de 14h \u00e0 17h<\/p>\n\n\n\n<p>Mardi de 10h \u00e0 12h et de 14h \u00e0 17h <\/p>\n\n\n\n<p><\/p>\n","protected":false},"excerpt":{"rendered":"<p>Horaire : Lundi \u00e0 vendredi de 14h \u00e0 17h Mardi de 10h \u00e0 12h et de 14h \u00e0 17h<\/p>\n","protected":false},"author":1,"featured_media":0,"parent":0,"menu_order":0,"comment_status":"closed","ping_status":"closed","template":"","meta":{"footnotes":""},"class_list":["post-102","page","type-page","status-publish","hentry"],"_links":{"self":[{"href":"https:\/\/cnt-so.org\/rhone-alpes\/wp-json\/wp\/v2\/pages\/102","targetHints":{"allow":["GET"]}}],"collection":[{"href":"https:\/\/cnt-so.org\/rhone-alpes\/wp-json\/wp\/v2\/pages"}],"about":[{"href":"https:\/\/cnt-so.org\/rhone-alpes\/wp-json\/wp\/v2\/types\/page"}],"author":[{"embeddable":true,"href":"https:\/\/cnt-so.org\/rhone-alpes\/wp-json\/wp\/v2\/users\/1"}],"replies":[{"embeddable":true,"href":"https:\/\/cnt-so.org\/rhone-alpes\/wp-json\/wp\/v2\/comments?post=102"}],"version-history":[{"count":3,"href":"https:\/\/cnt-so.org\/rhone-alpes\/wp-json\/wp\/v2\/pages\/102\/revisions"}],"predecessor-version":[{"id":105,"href":"https:\/\/cnt-so.org\/rhone-alpes\/wp-json\/wp\/v2\/pages\/102\/revisions\/105"}],"wp:attachment":[{"href":"https:\/\/cnt-so.org\/rhone-alpes\/wp-json\/wp\/v2\/media?parent=102"}],"curies":[{"name":"wp","href":"https:\/\/api.w.org\/{rel}","templated":true}]}}